{"id":373,"date":"2019-04-20T08:58:58","date_gmt":"2019-04-20T07:58:58","guid":{"rendered":"http:\/\/wojciechzajakala.pl\/?page_id=373"},"modified":"2022-06-06T14:04:51","modified_gmt":"2022-06-06T13:04:51","slug":"373-2","status":"publish","type":"page","link":"https:\/\/wojciechzajakala.pl\/","title":{"rendered":""},"content":{"rendered":"<p>Wojciech Zaj\u0105ka\u0142a operator d\u017awi\u0119ku d\u017awi\u0119kowiec<!--more--><\/p>\n<p><img decoding=\"async\" title=\"wojciech_zajakala_operator_dzwieku\" src=\"wp-content\/uploads\/2015\/12\/Wojciech-Zaj\u0105ka\u0142a-operator-d\u017awi\u0119ku.jpg\" alt=\"Wojciech Zaj\u0105ka\u0142a\"><\/p>\n<h2 style=\"text-align: center;\">Wojciech Zaj\u0105ka\u0142a na FilmPolski.pl i NINATEKA.pl<\/h2>\n<p><a href=\"http:\/\/www.filmpolski.pl\/fp\/index.php?osoba=11118928\" target=\"_blank\" rel=\"noopener noreferrer\"> <img loading=\"lazy\" decoding=\"async\" class=\"so-widget-image\" style=\"max-width: 100%; height: auto; display: block;\" src=\"http:\/\/wojciechzajakala.pl\/wp-content\/uploads\/2015\/12\/filmposkilogo.png\" alt=\"filmpolski.pl\" width=\"282\" height=\"97\"><br><\/a><br><a href=\"http:\/\/ninateka.pl\/filmy?SearchQuery=zaj%C4%85ka%C5%82a\" target=\"_blank\" rel=\"noopener noreferrer\"> <img loading=\"lazy\" decoding=\"async\" class=\"so-widget-image\" style=\"max-width: 100%; height: auto; display: block;\" src=\"http:\/\/wojciechzajakala.pl\/wp-content\/uploads\/2015\/12\/ninateka_logo.png\" alt=\"ninateka.pl\" width=\"190\" height=\"41\"><br><\/a><\/p>\n<div class=\"szary\">\n<p style=\"text-align: center;\">Kontakt<\/p>\n<p><a style=\"text-align: center; color: #666666; text-decoration: none;\" href=\"mailto:wojciechzajakala@gmail.com?\">wojciechzajakala@gmail.com<\/a><\/p>\n<p style=\"text-align: center;\">tel.501 179 208<\/p>\n<\/div>\n<h6 style=\"text-align: center;\">&nbsp;&nbsp;<\/h6>\n\n\n<div style=\"height:27px\" aria-hidden=\"true\" class=\"wp-block-spacer\"><\/div>\n\n\n\n<p style=\"font-size:20px; color:#000000;\">Wojciech Zaj\u0105ka\u0142a &#8211; operator d\u017awi\u0119ku. Uko\u0144czy\u0142 In\u017cynieri\u0119 D\u017awi\u0119ku na Wydziale Elektroniki Politechniki Gda\u0144skiej. Ma&nbsp;30 lat pracy na stanowisku operatora d\u017awi\u0119ku w TVP. Niekt\u00f3re ze zrealizowanych prac wymienione s\u0105 na filmpolski.pl i&nbsp;NINATEKA.pl<\/p>\n\n\n\n<div style=\"height:32px\" aria-hidden=\"true\" class=\"wp-block-spacer\"><\/div>\n\n\n\n<div style=\"text-align:center; font-size:17px;\"><p style=\"color:#000000;\">LINKI<br><br>\n<a href=\"https:\/\/filmpolski.pl\/fp\/index.php\" target=\"_blank\" style=\"color:#495f8d;\" rel=\"noopener\">https:\/\/filmpolski.pl\/<\/a>, <a href=\"https:\/\/ninateka.pl\/\" target=\"_blank\" style=\"color:#495f8d;\" rel=\"noopener\">https:\/\/ninateka.pl\/<\/a><\/p>\n\n<\/div>\n","protected":false},"excerpt":{"rendered":"<p>Wojciech Zaj\u0105ka\u0142a operator d\u017awi\u0119ku d\u017awi\u0119kowiec<\/p>\n","protected":false},"author":1,"featured_media":0,"parent":0,"menu_order":0,"comment_status":"closed","ping_status":"closed","template":"","meta":{"footnotes":""},"class_list":["post-373","page","type-page","status-publish","hentry","post"],"yoast_head":"<!-- This site is optimized with the Yoast SEO plugin v19.0 - https:\/\/yoast.com\/wordpress\/plugins\/seo\/ -->\n<title>- Wojciech Zaj\u0105ka\u0142a operator d\u017awi\u0119ku d\u017awi\u0119kowiec<\/title>\n<meta name=\"robots\" content=\"index, follow, max-snippet:-1, max-image-preview:large, max-video-preview:-1\" \/>\n<link rel=\"canonical\" href=\"https:\/\/wojciechzajakala.pl\/\" \/>\n<meta property=\"og:locale\" content=\"pl_PL\" \/>\n<meta property=\"og:type\" content=\"article\" \/>\n<meta property=\"og:title\" content=\"- Wojciech Zaj\u0105ka\u0142a operator d\u017awi\u0119ku d\u017awi\u0119kowiec\" \/>\n<meta property=\"og:description\" content=\"Wojciech Zaj\u0105ka\u0142a operator d\u017awi\u0119ku d\u017awi\u0119kowiec\" \/>\n<meta property=\"og:url\" content=\"https:\/\/wojciechzajakala.pl\/\" \/>\n<meta property=\"og:site_name\" content=\"Wojciech Zaj\u0105ka\u0142a operator d\u017awi\u0119ku d\u017awi\u0119kowiec\" \/>\n<meta property=\"article:modified_time\" content=\"2022-06-06T13:04:51+00:00\" \/>\n<meta property=\"og:image\" content=\"http:\/\/wojciechzajakala.pl\/wp-content\/uploads\/2015\/12\/filmposkilogo.png\" \/>\n<meta name=\"twitter:card\" content=\"summary\" \/>\n<meta name=\"twitter:label1\" content=\"Szacowany czas czytania\" \/>\n\t<meta name=\"twitter:data1\" content=\"1 minuta\" \/>\n<script type=\"application\/ld+json\" class=\"yoast-schema-graph\">{\"@context\":\"https:\/\/schema.org\",\"@graph\":[{\"@type\":\"WebSite\",\"@id\":\"https:\/\/wojciechzajakala.pl\/#website\",\"url\":\"https:\/\/wojciechzajakala.pl\/\",\"name\":\"Wojciech Zaj\u0105ka\u0142a operator d\u017awi\u0119ku d\u017awi\u0119kowiec\",\"description\":\"Operator d\u017awi\u0119ku d\u017awi\u0119k na planie\",\"potentialAction\":[{\"@type\":\"SearchAction\",\"target\":{\"@type\":\"EntryPoint\",\"urlTemplate\":\"https:\/\/wojciechzajakala.pl\/?s={search_term_string}\"},\"query-input\":\"required name=search_term_string\"}],\"inLanguage\":\"pl-PL\"},{\"@type\":\"ImageObject\",\"inLanguage\":\"pl-PL\",\"@id\":\"https:\/\/wojciechzajakala.pl\/#primaryimage\",\"url\":\"http:\/\/wojciechzajakala.pl\/wp-content\/uploads\/2015\/12\/filmposkilogo.png\",\"contentUrl\":\"http:\/\/wojciechzajakala.pl\/wp-content\/uploads\/2015\/12\/filmposkilogo.png\"},{\"@type\":\"WebPage\",\"@id\":\"https:\/\/wojciechzajakala.pl\/#webpage\",\"url\":\"https:\/\/wojciechzajakala.pl\/\",\"name\":\"- Wojciech Zaj\u0105ka\u0142a operator d\u017awi\u0119ku d\u017awi\u0119kowiec\",\"isPartOf\":{\"@id\":\"https:\/\/wojciechzajakala.pl\/#website\"},\"primaryImageOfPage\":{\"@id\":\"https:\/\/wojciechzajakala.pl\/#primaryimage\"},\"datePublished\":\"2019-04-20T07:58:58+00:00\",\"dateModified\":\"2022-06-06T13:04:51+00:00\",\"breadcrumb\":{\"@id\":\"https:\/\/wojciechzajakala.pl\/#breadcrumb\"},\"inLanguage\":\"pl-PL\",\"potentialAction\":[{\"@type\":\"ReadAction\",\"target\":[\"https:\/\/wojciechzajakala.pl\/\"]}]},{\"@type\":\"BreadcrumbList\",\"@id\":\"https:\/\/wojciechzajakala.pl\/#breadcrumb\",\"itemListElement\":[{\"@type\":\"ListItem\",\"position\":1,\"name\":\"Strona g\u0142\u00f3wna\",\"item\":\"https:\/\/wojciechzajakala.pl\/\"},{\"@type\":\"ListItem\",\"position\":2,\"name\":\"no title\"}]}]}<\/script>\n<!-- \/ Yoast SEO plugin. -->","yoast_head_json":{"title":"- Wojciech Zaj\u0105ka\u0142a operator d\u017awi\u0119ku d\u017awi\u0119kowiec","robots":{"index":"index","follow":"follow","max-snippet":"max-snippet:-1","max-image-preview":"max-image-preview:large","max-video-preview":"max-video-preview:-1"},"canonical":"https:\/\/wojciechzajakala.pl\/","og_locale":"pl_PL","og_type":"article","og_title":"- Wojciech Zaj\u0105ka\u0142a operator d\u017awi\u0119ku d\u017awi\u0119kowiec","og_description":"Wojciech Zaj\u0105ka\u0142a operator d\u017awi\u0119ku d\u017awi\u0119kowiec","og_url":"https:\/\/wojciechzajakala.pl\/","og_site_name":"Wojciech Zaj\u0105ka\u0142a operator d\u017awi\u0119ku d\u017awi\u0119kowiec","article_modified_time":"2022-06-06T13:04:51+00:00","og_image":[{"url":"http:\/\/wojciechzajakala.pl\/wp-content\/uploads\/2015\/12\/filmposkilogo.png"}],"twitter_card":"summary","twitter_misc":{"Szacowany czas czytania":"1 minuta"},"schema":{"@context":"https:\/\/schema.org","@graph":[{"@type":"WebSite","@id":"https:\/\/wojciechzajakala.pl\/#website","url":"https:\/\/wojciechzajakala.pl\/","name":"Wojciech Zaj\u0105ka\u0142a operator d\u017awi\u0119ku d\u017awi\u0119kowiec","description":"Operator d\u017awi\u0119ku d\u017awi\u0119k na planie","potentialAction":[{"@type":"SearchAction","target":{"@type":"EntryPoint","urlTemplate":"https:\/\/wojciechzajakala.pl\/?s={search_term_string}"},"query-input":"required name=search_term_string"}],"inLanguage":"pl-PL"},{"@type":"ImageObject","inLanguage":"pl-PL","@id":"https:\/\/wojciechzajakala.pl\/#primaryimage","url":"http:\/\/wojciechzajakala.pl\/wp-content\/uploads\/2015\/12\/filmposkilogo.png","contentUrl":"http:\/\/wojciechzajakala.pl\/wp-content\/uploads\/2015\/12\/filmposkilogo.png"},{"@type":"WebPage","@id":"https:\/\/wojciechzajakala.pl\/#webpage","url":"https:\/\/wojciechzajakala.pl\/","name":"- Wojciech Zaj\u0105ka\u0142a operator d\u017awi\u0119ku d\u017awi\u0119kowiec","isPartOf":{"@id":"https:\/\/wojciechzajakala.pl\/#website"},"primaryImageOfPage":{"@id":"https:\/\/wojciechzajakala.pl\/#primaryimage"},"datePublished":"2019-04-20T07:58:58+00:00","dateModified":"2022-06-06T13:04:51+00:00","breadcrumb":{"@id":"https:\/\/wojciechzajakala.pl\/#breadcrumb"},"inLanguage":"pl-PL","potentialAction":[{"@type":"ReadAction","target":["https:\/\/wojciechzajakala.pl\/"]}]},{"@type":"BreadcrumbList","@id":"https:\/\/wojciechzajakala.pl\/#breadcrumb","itemListElement":[{"@type":"ListItem","position":1,"name":"Strona g\u0142\u00f3wna","item":"https:\/\/wojciechzajakala.pl\/"},{"@type":"ListItem","position":2,"name":"no title"}]}]}},"jetpack_sharing_enabled":true,"_links":{"self":[{"href":"https:\/\/wojciechzajakala.pl\/index.php?rest_route=\/wp\/v2\/pages\/373","targetHints":{"allow":["GET"]}}],"collection":[{"href":"https:\/\/wojciechzajakala.pl\/index.php?rest_route=\/wp\/v2\/pages"}],"about":[{"href":"https:\/\/wojciechzajakala.pl\/index.php?rest_route=\/wp\/v2\/types\/page"}],"author":[{"embeddable":true,"href":"https:\/\/wojciechzajakala.pl\/index.php?rest_route=\/wp\/v2\/users\/1"}],"replies":[{"embeddable":true,"href":"https:\/\/wojciechzajakala.pl\/index.php?rest_route=%2Fwp%2Fv2%2Fcomments&post=373"}],"version-history":[{"count":19,"href":"https:\/\/wojciechzajakala.pl\/index.php?rest_route=\/wp\/v2\/pages\/373\/revisions"}],"predecessor-version":[{"id":455,"href":"https:\/\/wojciechzajakala.pl\/index.php?rest_route=\/wp\/v2\/pages\/373\/revisions\/455"}],"wp:attachment":[{"href":"https:\/\/wojciechzajakala.pl\/index.php?rest_route=%2Fwp%2Fv2%2Fmedia&parent=373"}],"curies":[{"name":"wp","href":"https:\/\/api.w.org\/{rel}","templated":true}]}}